{"id":663,"date":"2025-09-29T14:58:08","date_gmt":"2025-09-29T13:58:08","guid":{"rendered":"https:\/\/sevnica.aklih.si\/en\/?page_id=663"},"modified":"2025-10-09T15:13:47","modified_gmt":"2025-10-09T14:13:47","slug":"the-green-scheme","status":"publish","type":"page","link":"https:\/\/visit-sevnica.com\/en\/the-green-scheme\/","title":{"rendered":"The Green Scheme"},"content":{"rendered":"\t\t<div data-elementor-type=\"wp-page\" data-elementor-id=\"663\" class=\"elementor elementor-663\" data-elementor-post-type=\"page\">\n\t\t\t\t<section class=\"elementor-element elementor-element-aa3a5aa video-container2 e-flex e-con-boxed e-con e-parent\" data-id=\"aa3a5aa\" data-element_type=\"container\" data-settings=\"{&quot;background_background&quot;:&quot;classic&quot;}\">\n\t\t\t\t\t<div class=\"e-con-inner\">\n\t\t\t\t<div class=\"elementor-element elementor-element-52d3c6a9 elementor-invisible elementor-widget elementor-widget-heading\" data-id=\"52d3c6a9\" data-element_type=\"widget\" data-settings=\"{&quot;_animation&quot;:&quot;fadeIn&quot;}\" data-widget_type=\"heading.default\">\n\t\t\t\t<div class=\"elementor-widget-container\">\n\t\t\t\t\t<h1 class=\"elementor-heading-title elementor-size-default\">The Green Scheme<\/h1>\t\t\t\t<\/div>\n\t\t\t\t<\/div>\n\t\t\t\t<div class=\"elementor-element elementor-element-7801666b elementor-widget__width-initial elementor-invisible elementor-widget elementor-widget-heading\" data-id=\"7801666b\" data-element_type=\"widget\" data-settings=\"{&quot;_animation&quot;:&quot;fadeIn&quot;,&quot;_animation_delay&quot;:&quot;100&quot;}\" data-widget_type=\"heading.default\">\n\t\t\t\t<div class=\"elementor-widget-container\">\n\t\t\t\t\t<h2 class=\"elementor-heading-title elementor-size-default\">Sevnica is a green destination.<\/h2>\t\t\t\t<\/div>\n\t\t\t\t<\/div>\n\t\t\t\t\t<\/div>\n\t\t\t\t<\/section>\n\t\t<section class=\"elementor-element elementor-element-6c96035b e-flex e-con-boxed e-con e-parent\" data-id=\"6c96035b\" data-element_type=\"container\">\n\t\t\t\t\t<div class=\"e-con-inner\">\n\t\t\t\t<div class=\"elementor-element elementor-element-22e52cba elementor-invisible elementor-widget elementor-widget-heading\" data-id=\"22e52cba\" data-element_type=\"widget\" data-settings=\"{&quot;_animation&quot;:&quot;fadeIn&quot;}\" data-widget_type=\"heading.default\">\n\t\t\t\t<div class=\"elementor-widget-container\">\n\t\t\t\t\t<h3 class=\"elementor-heading-title elementor-size-default\">Sevnica in the Green Scheme of Slovenian Tourism<\/h3>\t\t\t\t<\/div>\n\t\t\t\t<\/div>\n\t\t\t\t<div class=\"elementor-element elementor-element-50f70138 elementor-widget__width-initial elementor-invisible elementor-widget elementor-widget-heading\" data-id=\"50f70138\" data-element_type=\"widget\" data-settings=\"{&quot;_animation&quot;:&quot;fadeIn&quot;,&quot;_animation_delay&quot;:&quot;100&quot;}\" data-widget_type=\"heading.default\">\n\t\t\t\t<div class=\"elementor-widget-container\">\n\t\t\t\t\t<p class=\"elementor-heading-title elementor-size-default\">The town of Sevnica is part of the Green Scheme of Slovenian Tourism and a proud holder of the Slovenia Green Destination bronze label. Through this label, the town became a part of the family of Slovenian destinations that strive for a more sustainable future in tourism, for a high-quality experience for visitors, and for the well-being of the local community.<\/p>\t\t\t\t<\/div>\n\t\t\t\t<\/div>\n\t\t\t\t<div class=\"elementor-element elementor-element-45b0fb2d elementor-invisible elementor-widget elementor-widget-image\" data-id=\"45b0fb2d\" data-element_type=\"widget\" data-settings=\"{&quot;_animation&quot;:&quot;fadeIn&quot;,&quot;_animation_delay&quot;:&quot;200&quot;}\" data-widget_type=\"image.default\">\n\t\t\t\t<div class=\"elementor-widget-container\">\n\t\t\t\t\t\t\t\t\t\t\t\t\t\t\t<img fetchpriority=\"high\" decoding=\"async\" width=\"590\" height=\"336\" src=\"https:\/\/visit-sevnica.com\/en\/wp-content\/uploads\/sites\/2\/2025\/09\/Group-100-1.png\" class=\"attachment-full size-full wp-image-666\" alt=\"\" srcset=\"https:\/\/visit-sevnica.com\/en\/wp-content\/uploads\/sites\/2\/2025\/09\/Group-100-1.png 590w, https:\/\/visit-sevnica.com\/en\/wp-content\/uploads\/sites\/2\/2025\/09\/Group-100-1-300x171.png 300w\" sizes=\"(max-width: 590px) 100vw, 590px\" \/>\t\t\t\t\t\t\t\t\t\t\t\t\t\t\t<\/div>\n\t\t\t\t<\/div>\n\t\t<div class=\"elementor-element elementor-element-5921a15a e-con-full e-flex elementor-invisible e-con e-child\" data-id=\"5921a15a\" data-element_type=\"container\" data-settings=\"{&quot;background_background&quot;:&quot;classic&quot;,&quot;animation&quot;:&quot;fadeIn&quot;}\">\n\t\t<div class=\"elementor-element elementor-element-150aaa87 e-con-full e-flex e-con e-child\" data-id=\"150aaa87\" data-element_type=\"container\">\n\t\t\t\t<div class=\"elementor-element elementor-element-59f7da26 elementor-widget elementor-widget-heading\" data-id=\"59f7da26\" data-element_type=\"widget\" data-widget_type=\"heading.default\">\n\t\t\t\t<div class=\"elementor-widget-container\">\n\t\t\t\t\t<h4 class=\"elementor-heading-title elementor-size-default\">What is the Green Scheme of Slovenian Tourism?<\/h4>\t\t\t\t<\/div>\n\t\t\t\t<\/div>\n\t\t\t\t<div class=\"elementor-element elementor-element-6b19caa7 elementor-widget__width-initial elementor-widget elementor-widget-heading\" data-id=\"6b19caa7\" data-element_type=\"widget\" data-widget_type=\"heading.default\">\n\t\t\t\t<div class=\"elementor-widget-container\">\n\t\t\t\t\t<p class=\"elementor-heading-title elementor-size-default\">The Green Scheme of Slovenian Tourism (ZSST) is a national programme that supports and promotes the sustainable development of tourism in Slovenia. It is based on internationally recognised standards and tools, such as Green Destinations Standard, ETIS, and GSTC, and evaluates destinations according to environmental, social, cultural, and economic criteria.<\/p>\t\t\t\t<\/div>\n\t\t\t\t<\/div>\n\t\t\t\t<div class=\"elementor-element elementor-element-3cad4f97 elementor-widget elementor-widget-heading\" data-id=\"3cad4f97\" data-element_type=\"widget\" data-widget_type=\"heading.default\">\n\t\t\t\t<div class=\"elementor-widget-container\">\n\t\t\t\t\t<p class=\"elementor-heading-title elementor-size-default\"><a href=\"https:\/\/www.slovenia.info\/sl\/poslovne-strani\/zelena-shema-slovenskega-turizma\" target=\"_blank\" rel=\"noopener\">Find out more &gt;<\/a><\/p>\t\t\t\t<\/div>\n\t\t\t\t<\/div>\n\t\t\t\t<\/div>\n\t\t<div class=\"elementor-element elementor-element-bd539dc e-con-full e-flex e-con e-child\" data-id=\"bd539dc\" data-element_type=\"container\">\n\t\t\t\t<\/div>\n\t\t<div class=\"elementor-element elementor-element-12543260 e-con-full e-flex e-con e-child\" data-id=\"12543260\" data-element_type=\"container\">\n\t\t\t\t<div class=\"elementor-element elementor-element-5370452e elementor-widget elementor-widget-heading\" data-id=\"5370452e\" data-element_type=\"widget\" data-widget_type=\"heading.default\">\n\t\t\t\t<div class=\"elementor-widget-container\">\n\t\t\t\t\t<h4 class=\"elementor-heading-title elementor-size-default\">Kaj pomeni bronasti znak Slovenia Green?<\/h4>\t\t\t\t<\/div>\n\t\t\t\t<\/div>\n\t\t\t\t<div class=\"elementor-element elementor-element-1de08ea5 elementor-widget__width-initial elementor-widget elementor-widget-heading\" data-id=\"1de08ea5\" data-element_type=\"widget\" data-widget_type=\"heading.default\">\n\t\t\t\t<div class=\"elementor-widget-container\">\n\t\t\t\t\t<p class=\"elementor-heading-title elementor-size-default\">The bronze label means that the town of Sevnica is actively involved in the process of sustainable management and has already made important steps in the field of environmental protection, cooperation with the local community, and the creation of friendly and authentic experiences for visitors. This is the beginning of its development as an even greener and even more responsible destination.<\/p>\t\t\t\t<\/div>\n\t\t\t\t<\/div>\n\t\t\t\t<div class=\"elementor-element elementor-element-894aa28 elementor-widget elementor-widget-heading\" data-id=\"894aa28\" data-element_type=\"widget\" data-widget_type=\"heading.default\">\n\t\t\t\t<div class=\"elementor-widget-container\">\n\t\t\t\t\t<p class=\"elementor-heading-title elementor-size-default\"><a href=\"https:\/\/www.slovenia.info\/sl\/poslovne-strani\/zelena-shema-slovenskega-turizma\/druzina-slovenia-green\" target=\"_blank\" rel=\"noopener\">Find out more &gt;<\/a><\/p>\t\t\t\t<\/div>\n\t\t\t\t<\/div>\n\t\t\t\t<\/div>\n\t\t\t\t<\/div>\n\t\t\t\t\t<\/div>\n\t\t\t\t<\/section>\n\t\t<div class=\"elementor-element elementor-element-448be87f e-flex e-con-boxed e-con e-parent\" data-id=\"448be87f\" data-element_type=\"container\" data-settings=\"{&quot;background_background&quot;:&quot;classic&quot;}\">\n\t\t\t\t\t<div class=\"e-con-inner\">\n\t\t\t\t<div class=\"elementor-element elementor-element-e780532 elementor-invisible elementor-widget elementor-widget-heading\" data-id=\"e780532\" data-element_type=\"widget\" data-settings=\"{&quot;_animation&quot;:&quot;fadeIn&quot;}\" data-widget_type=\"heading.default\">\n\t\t\t\t<div class=\"elementor-widget-container\">\n\t\t\t\t\t<h4 class=\"elementor-heading-title elementor-size-default\">Why is Sevnica part of the Green Scheme of Slovenian Tourism?<\/h4>\t\t\t\t<\/div>\n\t\t\t\t<\/div>\n\t\t\t\t<div class=\"elementor-element elementor-element-6bf067bf elementor-widget elementor-widget-heading\" data-id=\"6bf067bf\" data-element_type=\"widget\" data-widget_type=\"heading.default\">\n\t\t\t\t<div class=\"elementor-widget-container\">\n\t\t\t\t\t<p class=\"elementor-heading-title elementor-size-default\">As part of the Green Scheme of Slovenian Tourism, the town of Sevnica has received the Slovenia Green Destination bronze label. The town is committed to nature conservation, supporting the local environment, and developing sustainable experiences. It is located in the area of Kozjansko Park and offers hiking, cuisine, and cultural heritage in an environmentally friendly way. It encourages visitors to go green \u2013 from using trains to eating local food. With its natural and cultural diversity, it stands out as a destination for responsible travelers.<\/p>\t\t\t\t<\/div>\n\t\t\t\t<\/div>\n\t\t\t\t\t<\/div>\n\t\t\t\t<\/div>\n\t\t<div class=\"elementor-element elementor-element-59a6d8df e-flex e-con-boxed e-con e-parent\" data-id=\"59a6d8df\" data-element_type=\"container\">\n\t\t\t\t\t<div class=\"e-con-inner\">\n\t\t\t\t<div class=\"elementor-element elementor-element-2d671733 elementor-widget-mobile__width-initial elementor-invisible elementor-widget elementor-widget-heading\" data-id=\"2d671733\" data-element_type=\"widget\" data-settings=\"{&quot;_animation&quot;:&quot;fadeIn&quot;}\" data-widget_type=\"heading.default\">\n\t\t\t\t<div class=\"elementor-widget-container\">\n\t\t\t\t\t<h5 class=\"elementor-heading-title elementor-size-default\">The \"Gostilna Repov\u017e\" restaurant is a green provider.<\/h5>\t\t\t\t<\/div>\n\t\t\t\t<\/div>\n\t\t\t\t<div class=\"elementor-element elementor-element-3d26ffd5 elementor-invisible elementor-widget elementor-widget-image\" data-id=\"3d26ffd5\" data-element_type=\"widget\" data-settings=\"{&quot;_animation&quot;:&quot;fadeIn&quot;,&quot;_animation_delay&quot;:&quot;100&quot;}\" data-widget_type=\"image.default\">\n\t\t\t\t<div class=\"elementor-widget-container\">\n\t\t\t\t\t\t\t\t\t\t\t\t\t\t\t\t<a href=\"https:\/\/gostilna-repovz.si\/\" target=\"_blank\" rel=\"noopener\">\n\t\t\t\t\t\t\t<img decoding=\"async\" width=\"1773\" height=\"779\" src=\"https:\/\/visit-sevnica.com\/en\/wp-content\/uploads\/sites\/2\/2025\/09\/VisitSevnica-podstran-Zelena_shema-zeleni_ponudnik_repovz.webp\" class=\"attachment-full size-full wp-image-668\" alt=\"\" srcset=\"https:\/\/visit-sevnica.com\/en\/wp-content\/uploads\/sites\/2\/2025\/09\/VisitSevnica-podstran-Zelena_shema-zeleni_ponudnik_repovz.webp 1773w, https:\/\/visit-sevnica.com\/en\/wp-content\/uploads\/sites\/2\/2025\/09\/VisitSevnica-podstran-Zelena_shema-zeleni_ponudnik_repovz-300x132.webp 300w, https:\/\/visit-sevnica.com\/en\/wp-content\/uploads\/sites\/2\/2025\/09\/VisitSevnica-podstran-Zelena_shema-zeleni_ponudnik_repovz-1024x450.webp 1024w, https:\/\/visit-sevnica.com\/en\/wp-content\/uploads\/sites\/2\/2025\/09\/VisitSevnica-podstran-Zelena_shema-zeleni_ponudnik_repovz-768x337.webp 768w, https:\/\/visit-sevnica.com\/en\/wp-content\/uploads\/sites\/2\/2025\/09\/VisitSevnica-podstran-Zelena_shema-zeleni_ponudnik_repovz-1536x675.webp 1536w\" sizes=\"(max-width: 1773px) 100vw, 1773px\" \/>\t\t\t\t\t\t\t\t<\/a>\n\t\t\t\t\t\t\t\t\t\t\t\t\t\t\t<\/div>\n\t\t\t\t<\/div>\n\t\t<div class=\"elementor-element elementor-element-1757a07b e-flex e-con-boxed elementor-invisible e-con e-child\" data-id=\"1757a07b\" data-element_type=\"container\" data-settings=\"{&quot;animation&quot;:&quot;fadeIn&quot;,&quot;animation_delay&quot;:&quot;200&quot;}\">\n\t\t\t\t\t<div class=\"e-con-inner\">\n\t\t\t\t<div class=\"elementor-element elementor-element-6b44c7ec elementor-widget elementor-widget-image\" data-id=\"6b44c7ec\" data-element_type=\"widget\" data-widget_type=\"image.default\">\n\t\t\t\t<div class=\"elementor-widget-container\">\n\t\t\t\t\t\t\t\t\t\t\t\t\t\t\t<img decoding=\"async\" width=\"630\" height=\"157\" src=\"https:\/\/visit-sevnica.com\/en\/wp-content\/uploads\/sites\/2\/2025\/09\/Screenshot-2025-06-11-at-09.18.17-1.png\" class=\"attachment-full size-full wp-image-669\" alt=\"\" srcset=\"https:\/\/visit-sevnica.com\/en\/wp-content\/uploads\/sites\/2\/2025\/09\/Screenshot-2025-06-11-at-09.18.17-1.png 630w, https:\/\/visit-sevnica.com\/en\/wp-content\/uploads\/sites\/2\/2025\/09\/Screenshot-2025-06-11-at-09.18.17-1-300x75.png 300w\" sizes=\"(max-width: 630px) 100vw, 630px\" \/>\t\t\t\t\t\t\t\t\t\t\t\t\t\t\t<\/div>\n\t\t\t\t<\/div>\n\t\t\t\t<div class=\"elementor-element elementor-element-65253478 elementor-widget__width-initial elementor-widget elementor-widget-heading\" data-id=\"65253478\" data-element_type=\"widget\" data-widget_type=\"heading.default\">\n\t\t\t\t<div class=\"elementor-widget-container\">\n\t\t\t\t\t<p class=\"elementor-heading-title elementor-size-default\">In the green destination of Sevnica, the \"Gostilna Repov\u017e\" restaurant is the recipient of the Slovenia Green Cuisine and the Slovenia Green Accommodation label.<\/p>\t\t\t\t<\/div>\n\t\t\t\t<\/div>\n\t\t\t\t\t<\/div>\n\t\t\t\t<\/div>\n\t\t\t\t\t<\/div>\n\t\t\t\t<\/div>\n\t\t<div class=\"elementor-element elementor-element-14203962 e-flex e-con-boxed e-con e-parent\" data-id=\"14203962\" data-element_type=\"container\" data-settings=\"{&quot;background_background&quot;:&quot;classic&quot;}\">\n\t\t\t\t\t<div class=\"e-con-inner\">\n\t\t\t\t<div class=\"elementor-element elementor-element-4d434d70 elementor-invisible elementor-widget elementor-widget-heading\" data-id=\"4d434d70\" data-element_type=\"widget\" data-settings=\"{&quot;_animation&quot;:&quot;fadeIn&quot;}\" data-widget_type=\"heading.default\">\n\t\t\t\t<div class=\"elementor-widget-container\">\n\t\t\t\t\t<h6 class=\"elementor-heading-title elementor-size-default\">Instructions and documents<\/h6>\t\t\t\t<\/div>\n\t\t\t\t<\/div>\n\t\t\t\t<div class=\"elementor-element elementor-element-163dbf31 accordion-napotki-dokumenti elementor-invisible elementor-widget elementor-widget-accordion\" data-id=\"163dbf31\" data-element_type=\"widget\" data-settings=\"{&quot;_animation&quot;:&quot;fadeIn&quot;,&quot;_animation_delay&quot;:&quot;100&quot;}\" data-widget_type=\"accordion.default\">\n\t\t\t\t<div class=\"elementor-widget-container\">\n\t\t\t\t\t\t\t<div class=\"elementor-accordion\">\n\t\t\t\t\t\t\t<div class=\"elementor-accordion-item\">\n\t\t\t\t\t<div id=\"elementor-tab-title-3731\" class=\"elementor-tab-title\" data-tab=\"1\" role=\"button\" aria-controls=\"elementor-tab-content-3731\" aria-expanded=\"false\">\n\t\t\t\t\t\t\t\t\t\t\t\t\t<span class=\"elementor-accordion-icon elementor-accordion-icon-right\" aria-hidden=\"true\">\n\t\t\t\t\t\t\t\t\t\t\t\t\t\t\t<span class=\"elementor-accordion-icon-closed\"><svg xmlns=\"http:\/\/www.w3.org\/2000\/svg\" width=\"25\" height=\"14\" viewBox=\"0 0 25 14\" fill=\"none\"><path d=\"M2 2L13.1176 12L23 2\" stroke=\"#CB7274\" stroke-width=\"4\" stroke-linecap=\"round\" stroke-linejoin=\"round\"><\/path><\/svg><\/span>\n\t\t\t\t\t\t\t\t<span class=\"elementor-accordion-icon-opened\"><svg xmlns=\"http:\/\/www.w3.org\/2000\/svg\" width=\"25\" height=\"14\" viewBox=\"0 0 25 14\" fill=\"none\"><path d=\"M23 12L11.8824 2L2 12\" stroke=\"#CB7274\" stroke-width=\"4\" stroke-linecap=\"round\" stroke-linejoin=\"round\"><\/path><\/svg><\/span>\n\t\t\t\t\t\t\t\t\t\t\t\t\t\t<\/span>\n\t\t\t\t\t\t\t\t\t\t\t\t<a class=\"elementor-accordion-title\" tabindex=\"0\">How to act sustainably?<\/a>\n\t\t\t\t\t<\/div>\n\t\t\t\t\t<div id=\"elementor-tab-content-3731\" class=\"elementor-tab-content elementor-clearfix\" data-tab=\"1\" role=\"region\" aria-labelledby=\"elementor-tab-title-3731\"><\/div>\n\t\t\t\t<\/div>\n\t\t\t\t\t\t\t<div class=\"elementor-accordion-item\">\n\t\t\t\t\t<div id=\"elementor-tab-title-3732\" class=\"elementor-tab-title\" data-tab=\"2\" role=\"button\" aria-controls=\"elementor-tab-content-3732\" aria-expanded=\"false\">\n\t\t\t\t\t\t\t\t\t\t\t\t\t<span class=\"elementor-accordion-icon elementor-accordion-icon-right\" aria-hidden=\"true\">\n\t\t\t\t\t\t\t\t\t\t\t\t\t\t\t<span class=\"elementor-accordion-icon-closed\"><svg xmlns=\"http:\/\/www.w3.org\/2000\/svg\" width=\"25\" height=\"14\" viewBox=\"0 0 25 14\" fill=\"none\"><path d=\"M2 2L13.1176 12L23 2\" stroke=\"#CB7274\" stroke-width=\"4\" stroke-linecap=\"round\" stroke-linejoin=\"round\"><\/path><\/svg><\/span>\n\t\t\t\t\t\t\t\t<span class=\"elementor-accordion-icon-opened\"><svg xmlns=\"http:\/\/www.w3.org\/2000\/svg\" width=\"25\" height=\"14\" viewBox=\"0 0 25 14\" fill=\"none\"><path d=\"M23 12L11.8824 2L2 12\" stroke=\"#CB7274\" stroke-width=\"4\" stroke-linecap=\"round\" stroke-linejoin=\"round\"><\/path><\/svg><\/span>\n\t\t\t\t\t\t\t\t\t\t\t\t\t\t<\/span>\n\t\t\t\t\t\t\t\t\t\t\t\t<a class=\"elementor-accordion-title\" tabindex=\"0\">Statistical data<\/a>\n\t\t\t\t\t<\/div>\n\t\t\t\t\t<div id=\"elementor-tab-content-3732\" class=\"elementor-tab-content elementor-clearfix\" data-tab=\"2\" role=\"region\" aria-labelledby=\"elementor-tab-title-3732\"><\/div>\n\t\t\t\t<\/div>\n\t\t\t\t\t\t\t<div class=\"elementor-accordion-item\">\n\t\t\t\t\t<div id=\"elementor-tab-title-3733\" class=\"elementor-tab-title\" data-tab=\"3\" role=\"button\" aria-controls=\"elementor-tab-content-3733\" aria-expanded=\"false\">\n\t\t\t\t\t\t\t\t\t\t\t\t\t<span class=\"elementor-accordion-icon elementor-accordion-icon-right\" aria-hidden=\"true\">\n\t\t\t\t\t\t\t\t\t\t\t\t\t\t\t<span class=\"elementor-accordion-icon-closed\"><svg xmlns=\"http:\/\/www.w3.org\/2000\/svg\" width=\"25\" height=\"14\" viewBox=\"0 0 25 14\" fill=\"none\"><path d=\"M2 2L13.1176 12L23 2\" stroke=\"#CB7274\" stroke-width=\"4\" stroke-linecap=\"round\" stroke-linejoin=\"round\"><\/path><\/svg><\/span>\n\t\t\t\t\t\t\t\t<span class=\"elementor-accordion-icon-opened\"><svg xmlns=\"http:\/\/www.w3.org\/2000\/svg\" width=\"25\" height=\"14\" viewBox=\"0 0 25 14\" fill=\"none\"><path d=\"M23 12L11.8824 2L2 12\" stroke=\"#CB7274\" stroke-width=\"4\" stroke-linecap=\"round\" stroke-linejoin=\"round\"><\/path><\/svg><\/span>\n\t\t\t\t\t\t\t\t\t\t\t\t\t\t<\/span>\n\t\t\t\t\t\t\t\t\t\t\t\t<a class=\"elementor-accordion-title\" tabindex=\"0\">Surveys<\/a>\n\t\t\t\t\t<\/div>\n\t\t\t\t\t<div id=\"elementor-tab-content-3733\" class=\"elementor-tab-content elementor-clearfix\" data-tab=\"3\" role=\"region\" aria-labelledby=\"elementor-tab-title-3733\"><\/div>\n\t\t\t\t<\/div>\n\t\t\t\t\t\t\t<div class=\"elementor-accordion-item\">\n\t\t\t\t\t<div id=\"elementor-tab-title-3734\" class=\"elementor-tab-title\" data-tab=\"4\" role=\"button\" aria-controls=\"elementor-tab-content-3734\" aria-expanded=\"false\">\n\t\t\t\t\t\t\t\t\t\t\t\t\t<span class=\"elementor-accordion-icon elementor-accordion-icon-right\" aria-hidden=\"true\">\n\t\t\t\t\t\t\t\t\t\t\t\t\t\t\t<span class=\"elementor-accordion-icon-closed\"><svg xmlns=\"http:\/\/www.w3.org\/2000\/svg\" width=\"25\" height=\"14\" viewBox=\"0 0 25 14\" fill=\"none\"><path d=\"M2 2L13.1176 12L23 2\" stroke=\"#CB7274\" stroke-width=\"4\" stroke-linecap=\"round\" stroke-linejoin=\"round\"><\/path><\/svg><\/span>\n\t\t\t\t\t\t\t\t<span class=\"elementor-accordion-icon-opened\"><svg xmlns=\"http:\/\/www.w3.org\/2000\/svg\" width=\"25\" height=\"14\" viewBox=\"0 0 25 14\" fill=\"none\"><path d=\"M23 12L11.8824 2L2 12\" stroke=\"#CB7274\" stroke-width=\"4\" stroke-linecap=\"round\" stroke-linejoin=\"round\"><\/path><\/svg><\/span>\n\t\t\t\t\t\t\t\t\t\t\t\t\t\t<\/span>\n\t\t\t\t\t\t\t\t\t\t\t\t<a class=\"elementor-accordion-title\" tabindex=\"0\">Documents<\/a>\n\t\t\t\t\t<\/div>\n\t\t\t\t\t<div id=\"elementor-tab-content-3734\" class=\"elementor-tab-content elementor-clearfix\" data-tab=\"4\" role=\"region\" aria-labelledby=\"elementor-tab-title-3734\"><\/div>\n\t\t\t\t<\/div>\n\t\t\t\t\t\t\t<div class=\"elementor-accordion-item\">\n\t\t\t\t\t<div id=\"elementor-tab-title-3735\" class=\"elementor-tab-title\" data-tab=\"5\" role=\"button\" aria-controls=\"elementor-tab-content-3735\" aria-expanded=\"false\">\n\t\t\t\t\t\t\t\t\t\t\t\t\t<span class=\"elementor-accordion-icon elementor-accordion-icon-right\" aria-hidden=\"true\">\n\t\t\t\t\t\t\t\t\t\t\t\t\t\t\t<span class=\"elementor-accordion-icon-closed\"><svg xmlns=\"http:\/\/www.w3.org\/2000\/svg\" width=\"25\" height=\"14\" viewBox=\"0 0 25 14\" fill=\"none\"><path d=\"M2 2L13.1176 12L23 2\" stroke=\"#CB7274\" stroke-width=\"4\" stroke-linecap=\"round\" stroke-linejoin=\"round\"><\/path><\/svg><\/span>\n\t\t\t\t\t\t\t\t<span class=\"elementor-accordion-icon-opened\"><svg xmlns=\"http:\/\/www.w3.org\/2000\/svg\" width=\"25\" height=\"14\" viewBox=\"0 0 25 14\" fill=\"none\"><path d=\"M23 12L11.8824 2L2 12\" stroke=\"#CB7274\" stroke-width=\"4\" stroke-linecap=\"round\" stroke-linejoin=\"round\"><\/path><\/svg><\/span>\n\t\t\t\t\t\t\t\t\t\t\t\t\t\t<\/span>\n\t\t\t\t\t\t\t\t\t\t\t\t<a class=\"elementor-accordion-title\" tabindex=\"0\">Register of Intangible Cultural Heritage: St George's Rounds in Sevnica area<\/a>\n\t\t\t\t\t<\/div>\n\t\t\t\t\t<div id=\"elementor-tab-content-3735\" class=\"elementor-tab-content elementor-clearfix\" data-tab=\"5\" role=\"region\" aria-labelledby=\"elementor-tab-title-3735\"><p><strong>Initiator:<\/strong> Ciril Dolin\u0161ek and the Sevnica Public Institute for Culture, Sports, Tourism and Youth Activities<\/p><p><strong> Date of entry in the Register of Intangible Cultural Heritage: <\/strong> 17 May 2023<\/p><p><strong>Domain:<\/strong> rituals and festive events<\/p><p><strong> Bearers: <\/strong> &#8220;Jurjevi koledniki&#8221; in the area of Sevnica<\/p><p><strong>NAMES OF BEARERS<br \/><\/strong><\/p><p>Bo\u0161tanjski jurji, Jurjevi pevci z Blance, Jurjevi pevci Dolenji Bo\u0161tanj, Jurjevi pevci iz Dolnjega Brezovega, Jurjevci iz Brega in \u0160entjurja na Polju, Florjanski Jurjevci, Jurjevi pevci Jarica, Jurjevi pevci s Konjskega, Jurjevi pevci iz Kompolja, Jurjevci z Loga, Jurjevi pevci z Lukovca, Jurjevi pevci z Oki\u010da, Jurjevci iz Podvrha in Trnovca, Jurjevci iz Rovi\u0161\u010d, Jurji iz \u0160mar\u010dne, \u0160entjan\u0161ki jurjevalci, Jurjevci s Tr\u017ei\u0161\u010da, Jurjevi pevci z Vrhka pri Tr\u017ei\u0161\u010du.<\/p><p><strong>JUSTIFICATION OF THE INSCRIPTION<br \/><\/strong><\/p><p>&#8220;Jurjevo koledovanje&#8221;, as they know it in Sevnica, is one of the more recognisable carol singing customs in Slovenia. While in many other places, the customs associated with the celebration of this holiday have turned into tourist events, the singing of St George&#8217;s carols calendars in Sevnica takes place in its original time and in the local environment, and is intended to be enjoyed by the local population. Despite occasional interruptions, the singing of St George&#8217;s carols in Sevnica continues the tradition of our ancestors. They are an important element of local identity for residents, and one of the elements contributing to the connection of various local communities.<\/p><p>Source: Register of Intangible Cultural Heritage<\/p><p><strong>INTANGIBLE CULTURAL HERITAGE<\/strong><\/p><p>According to the UNESCO Convention for the Protection of Intangible Cultural Heritage, intangible cultural heritage &#8220;means the practices, representations, expressions, knowledge, skills \u2013 as well as the instruments, objects, artefacts and cultural spaces associated therewith \u2013 that communities, groups and, in some cases, individuals recognize as part of their cultural heritage. This intangible cultural heritage, transmitted from generation to generation, is constantly recreated by communities and groups in response to their environment, their interaction with nature and their history, and provides them with a sense of identity and continuity, thus promoting respect for cultural diversity and human creativity.<\/p><p>&#8220;Source: Article 2 of the UNESCO Convention for the Safeguarding of the Intangible Cultural Heritage (2003)<\/p><p><strong>LINKS<\/strong><\/p><p>Ministry of Culture \u2013 Register of Intangible Cultural<a href=\"https:\/\/geohub.gov.si\/ghapp\/iskd\/\" target=\"_blank\" rel=\"noopener\"> Heritage:https:\/\/geohub.gov.si\/ghapp\/iskd\/<\/a><br \/>Ministry of Culture \u2013 Intangible Cultural Heritage:\u00a0 <a href=\"https:\/\/www.gov.si\/teme\/nesnovna-dediscina\/\" target=\"_blank\" rel=\"noopener\">https:\/\/www.gov.si\/teme\/nesnovna-dediscina\/<\/a><br \/>SEM \u2013 Coordinator for the Protection of Intangible Cultural Heritage:\u00a0 <a href=\"http:\/\/www.nesnovnadediscina.si\/\" target=\"_blank\" rel=\"noopener\">http:\/\/www.nesnovnadediscina.si\/<\/a><\/p><div>\u00a0<\/div><div>\u00a0<\/div><p><img loading=\"lazy\" decoding=\"async\" class=\"alignnone wp-image-2940\" src=\"https:\/\/visit-sevnica.com\/wp-content\/uploads\/2025\/06\/Group-86-300x244.png\" alt=\"\" width=\"441\" height=\"359\" \/><\/p><\/div>\n\t\t\t\t<\/div>\n\t\t\t\t\t\t\t\t<\/div>\n\t\t\t\t\t\t<\/div>\n\t\t\t\t<\/div>\n\t\t\t\t\t<\/div>\n\t\t\t\t<\/div>\n\t\t\t\t<\/div>\n\t\t","protected":false},"excerpt":{"rendered":"<p>The Green Scheme Sevnica is a green destination. Sevnica in the Green Scheme of Slovenian Tourism The town of Sevnica is part of the Green Scheme of Slovenian Tourism and a proud holder of the Slovenia Green Destination bronze label. Through this label, the town became a part of the family of Slovenian destinations that [&hellip;]<\/p>\n","protected":false},"author":2,"featured_media":0,"parent":0,"menu_order":0,"comment_status":"closed","ping_status":"closed","template":"","meta":{"_acf_changed":false,"footnotes":""},"class_list":["post-663","page","type-page","status-publish","hentry"],"acf":[],"_links":{"self":[{"href":"https:\/\/visit-sevnica.com\/en\/wp-json\/wp\/v2\/pages\/663","targetHints":{"allow":["GET"]}}],"collection":[{"href":"https:\/\/visit-sevnica.com\/en\/wp-json\/wp\/v2\/pages"}],"about":[{"href":"https:\/\/visit-sevnica.com\/en\/wp-json\/wp\/v2\/types\/page"}],"author":[{"embeddable":true,"href":"https:\/\/visit-sevnica.com\/en\/wp-json\/wp\/v2\/users\/2"}],"replies":[{"embeddable":true,"href":"https:\/\/visit-sevnica.com\/en\/wp-json\/wp\/v2\/comments?post=663"}],"version-history":[{"count":1,"href":"https:\/\/visit-sevnica.com\/en\/wp-json\/wp\/v2\/pages\/663\/revisions"}],"predecessor-version":[{"id":1912,"href":"https:\/\/visit-sevnica.com\/en\/wp-json\/wp\/v2\/pages\/663\/revisions\/1912"}],"wp:attachment":[{"href":"https:\/\/visit-sevnica.com\/en\/wp-json\/wp\/v2\/media?parent=663"}],"curies":[{"name":"wp","href":"https:\/\/api.w.org\/{rel}","templated":true}]}}